{"id":824,"date":"2023-01-09T13:54:16","date_gmt":"2023-01-09T16:54:16","guid":{"rendered":"https:\/\/www.mp-cc.com\/?page_id=824"},"modified":"2023-03-16T11:45:15","modified_gmt":"2023-03-16T14:45:15","slug":"warenursprung-und-praeferenzen","status":"publish","type":"page","link":"https:\/\/www.mp-cc.com\/en\/warenursprung-und-praeferenzen\/","title":{"rendered":"Origin of Goods and Preferences"},"content":{"rendered":"<div data-elementor-type=\"wp-page\" data-elementor-id=\"824\" class=\"elementor elementor-824\" data-elementor-post-type=\"page\">\n\t\t\t\t\t\t<section class=\"elementor-section elementor-top-section elementor-element elementor-element-59deeb8 elementor-section-boxed elementor-section-height-default elementor-section-height-default\" data-id=\"59deeb8\" data-element_type=\"section\" data-settings=\"{&quot;background_background&quot;:&quot;classic&quot;}\">\n\t\t\t\t\t\t\t<div class=\"elementor-background-overlay\"><\/div>\n\t\t\t\t\t\t\t<div class=\"elementor-container elementor-column-gap-default\">\n\t\t\t\t\t<div class=\"elementor-column elementor-col-100 elementor-top-column elementor-element elementor-element-352e38a\" data-id=\"352e38a\" data-element_type=\"column\">\n\t\t\t<div class=\"elementor-widget-wrap elementor-element-populated\">\n\t\t\t\t\t\t<div class=\"elementor-element elementor-element-3f0518a elementor-widget elementor-widget-heading\" data-id=\"3f0518a\" data-element_type=\"widget\" data-widget_type=\"heading.default\">\n\t\t\t\t<div class=\"elementor-widget-container\">\n\t\t\t\t\t<h2 class=\"elementor-heading-title elementor-size-default\">Origin of Goods and Preferences<\/h2>\t\t\t\t<\/div>\n\t\t\t\t<\/div>\n\t\t\t\t\t<\/div>\n\t\t<\/div>\n\t\t\t\t\t<\/div>\n\t\t<\/section>\n\t\t\t\t<section class=\"elementor-section elementor-top-section elementor-element elementor-element-bca1b0a elementor-reverse-tablet elementor-reverse-mobile elementor-section-boxed elementor-section-height-default elementor-section-height-default\" data-id=\"bca1b0a\" data-element_type=\"section\" data-settings=\"{&quot;background_background&quot;:&quot;classic&quot;}\">\n\t\t\t\t\t\t<div class=\"elementor-container elementor-column-gap-default\">\n\t\t\t\t\t<div class=\"elementor-column elementor-col-100 elementor-top-column elementor-element elementor-element-913c25f\" data-id=\"913c25f\" data-element_type=\"column\">\n\t\t\t<div class=\"elementor-widget-wrap elementor-element-populated\">\n\t\t\t\t\t\t<div class=\"elementor-element elementor-element-3bebd62 elementor-widget elementor-widget-heading\" data-id=\"3bebd62\" data-element_type=\"widget\" data-widget_type=\"heading.default\">\n\t\t\t\t<div class=\"elementor-widget-container\">\n\t\t\t\t\t<h3 class=\"elementor-heading-title elementor-size-default\">Hurdle: Origin of Goods and Preferences<\/h3>\t\t\t\t<\/div>\n\t\t\t\t<\/div>\n\t\t\t\t<div class=\"elementor-element elementor-element-48410dc elementor-widget elementor-widget-image\" data-id=\"48410dc\" data-element_type=\"widget\" data-widget_type=\"image.default\">\n\t\t\t\t<div class=\"elementor-widget-container\">\n\t\t\t\t\t\t\t\t\t\t\t\t\t\t\t<img fetchpriority=\"high\" decoding=\"async\" width=\"300\" height=\"200\" src=\"https:\/\/www.mp-cc.com\/wp-content\/uploads\/2023\/01\/horse-jumping-equestrian-sports-show-jumping-themed-photo-1-1-300x200.jpg\" class=\"attachment-medium size-medium wp-image-718\" alt=\"\" srcset=\"https:\/\/www.mp-cc.com\/wp-content\/uploads\/2023\/01\/horse-jumping-equestrian-sports-show-jumping-themed-photo-1-1-300x200.jpg 300w, https:\/\/www.mp-cc.com\/wp-content\/uploads\/2023\/01\/horse-jumping-equestrian-sports-show-jumping-themed-photo-1-1-1024x682.jpg 1024w, https:\/\/www.mp-cc.com\/wp-content\/uploads\/2023\/01\/horse-jumping-equestrian-sports-show-jumping-themed-photo-1-1-768x512.jpg 768w, https:\/\/www.mp-cc.com\/wp-content\/uploads\/2023\/01\/horse-jumping-equestrian-sports-show-jumping-themed-photo-1-1-1536x1024.jpg 1536w, https:\/\/www.mp-cc.com\/wp-content\/uploads\/2023\/01\/elementor\/thumbs\/horse-jumping-equestrian-sports-show-jumping-themed-photo-1-1-q0ess5bmgu2kn731tb02oi2b780r2wgluq0ycbtn54.jpg 150w, https:\/\/www.mp-cc.com\/wp-content\/uploads\/2023\/01\/horse-jumping-equestrian-sports-show-jumping-themed-photo-1-1.jpg 2000w\" sizes=\"(max-width: 300px) 100vw, 300px\" \/>\t\t\t\t\t\t\t\t\t\t\t\t\t\t\t<\/div>\n\t\t\t\t<\/div>\n\t\t\t\t<div class=\"elementor-element elementor-element-1da436d elementor-widget elementor-widget-text-editor\" data-id=\"1da436d\" data-element_type=\"widget\" data-widget_type=\"text-editor.default\">\n\t\t\t\t<div class=\"elementor-widget-container\">\n\t\t\t\t\t\t\t\t\t<p style=\"text-align: center;\" data-pm-slice=\"1 1 []\">Do I require a preference document?<\/p><p style=\"text-align: center;\">What is a EUR-1?<\/p><p style=\"text-align: center;\">What advantages does the authorisation as an approved exporter have?<\/p><p style=\"text-align: center;\">Do I generally need to have a certificate of origin created?<\/p>\t\t\t\t\t\t\t\t<\/div>\n\t\t\t\t<\/div>\n\t\t\t\t<div class=\"elementor-element elementor-element-9123538 elementor-widget elementor-widget-text-editor\" data-id=\"9123538\" data-element_type=\"widget\" data-widget_type=\"text-editor.default\">\n\t\t\t\t<div class=\"elementor-widget-container\">\n\t\t\t\t\t\t\t\t\t<p data-pm-slice=\"1 1 []\">All hurdles that we happily jump for you.<\/p>\t\t\t\t\t\t\t\t<\/div>\n\t\t\t\t<\/div>\n\t\t\t\t<section class=\"elementor-section elementor-inner-section elementor-element elementor-element-2fc7934 elementor-section-boxed elementor-section-height-default elementor-section-height-default\" data-id=\"2fc7934\" data-element_type=\"section\" data-settings=\"{&quot;background_background&quot;:&quot;classic&quot;}\">\n\t\t\t\t\t\t\t<div class=\"elementor-background-overlay\"><\/div>\n\t\t\t\t\t\t\t<div class=\"elementor-container elementor-column-gap-default\">\n\t\t\t\t\t<div class=\"elementor-column elementor-col-66 elementor-inner-column elementor-element elementor-element-8f64726\" data-id=\"8f64726\" data-element_type=\"column\">\n\t\t\t<div class=\"elementor-widget-wrap elementor-element-populated\">\n\t\t\t\t\t\t<div class=\"elementor-element elementor-element-0dcf375 elementor-widget elementor-widget-heading\" data-id=\"0dcf375\" data-element_type=\"widget\" data-widget_type=\"heading.default\">\n\t\t\t\t<div class=\"elementor-widget-container\">\n\t\t\t\t\t<h4 class=\"elementor-heading-title elementor-size-default\">Services in the Goods and Preferences Area<\/h4>\t\t\t\t<\/div>\n\t\t\t\t<\/div>\n\t\t\t\t<div class=\"elementor-element elementor-element-c9c2929 elementor-icon-list--layout-traditional elementor-list-item-link-full_width elementor-widget elementor-widget-icon-list\" data-id=\"c9c2929\" data-element_type=\"widget\" data-widget_type=\"icon-list.default\">\n\t\t\t\t<div class=\"elementor-widget-container\">\n\t\t\t\t\t\t\t<ul class=\"elementor-icon-list-items\">\n\t\t\t\t\t\t\t<li class=\"elementor-icon-list-item\">\n\t\t\t\t\t\t\t\t\t\t\t<span class=\"elementor-icon-list-icon\">\n\t\t\t\t\t\t\t<i aria-hidden=\"true\" class=\"fas fa-check\"><\/i>\t\t\t\t\t\t<\/span>\n\t\t\t\t\t\t\t\t\t\t<span class=\"elementor-icon-list-text\">Creation of formal preference certificates (EUR.1, EUR-MED, A.TR)<\/span>\n\t\t\t\t\t\t\t\t\t<\/li>\n\t\t\t\t\t\t\t\t<li class=\"elementor-icon-list-item\">\n\t\t\t\t\t\t\t\t\t\t\t<span class=\"elementor-icon-list-icon\">\n\t\t\t\t\t\t\t<i aria-hidden=\"true\" class=\"fas fa-check\"><\/i>\t\t\t\t\t\t<\/span>\n\t\t\t\t\t\t\t\t\t\t<span class=\"elementor-icon-list-text\">Creation of a certificate of origin<\/span>\n\t\t\t\t\t\t\t\t\t<\/li>\n\t\t\t\t\t\t\t\t<li class=\"elementor-icon-list-item\">\n\t\t\t\t\t\t\t\t\t\t\t<span class=\"elementor-icon-list-icon\">\n\t\t\t\t\t\t\t<i aria-hidden=\"true\" class=\"fas fa-check\"><\/i>\t\t\t\t\t\t<\/span>\n\t\t\t\t\t\t\t\t\t\t<span class=\"elementor-icon-list-text\">Legalisation of certificates of origin incl. commercial invoice<\/span>\n\t\t\t\t\t\t\t\t\t<\/li>\n\t\t\t\t\t\t<\/ul>\n\t\t\t\t\t\t<\/div>\n\t\t\t\t<\/div>\n\t\t\t\t\t<\/div>\n\t\t<\/div>\n\t\t\t\t<div class=\"elementor-column elementor-col-33 elementor-inner-column elementor-element elementor-element-78527b7 elementor-hidden-tablet\" data-id=\"78527b7\" data-element_type=\"column\">\n\t\t\t<div class=\"elementor-widget-wrap elementor-element-populated\">\n\t\t\t\t\t\t<div class=\"elementor-element elementor-element-f4ae711 elementor-widget elementor-widget-image\" data-id=\"f4ae711\" data-element_type=\"widget\" data-widget_type=\"image.default\">\n\t\t\t\t<div class=\"elementor-widget-container\">\n\t\t\t\t\t\t\t\t\t\t\t\t\t\t\t<img decoding=\"async\" width=\"800\" height=\"400\" src=\"https:\/\/www.mp-cc.com\/wp-content\/uploads\/2023\/02\/hand-stamping-with-approved-stamp-on-certificate-document-public-paper-at-desk-notary-or-business-1024x512.jpg\" class=\"attachment-large size-large wp-image-2345\" alt=\"hand stamping with approved stamp on certificate document public paper at desk, notary or business\" srcset=\"https:\/\/www.mp-cc.com\/wp-content\/uploads\/2023\/02\/hand-stamping-with-approved-stamp-on-certificate-document-public-paper-at-desk-notary-or-business-1024x512.jpg 1024w, https:\/\/www.mp-cc.com\/wp-content\/uploads\/2023\/02\/hand-stamping-with-approved-stamp-on-certificate-document-public-paper-at-desk-notary-or-business-300x150.jpg 300w, https:\/\/www.mp-cc.com\/wp-content\/uploads\/2023\/02\/hand-stamping-with-approved-stamp-on-certificate-document-public-paper-at-desk-notary-or-business-768x384.jpg 768w, https:\/\/www.mp-cc.com\/wp-content\/uploads\/2023\/02\/hand-stamping-with-approved-stamp-on-certificate-document-public-paper-at-desk-notary-or-business-1536x768.jpg 1536w, https:\/\/www.mp-cc.com\/wp-content\/uploads\/2023\/02\/hand-stamping-with-approved-stamp-on-certificate-document-public-paper-at-desk-notary-or-business.jpg 2000w\" sizes=\"(max-width: 800px) 100vw, 800px\" \/>\t\t\t\t\t\t\t\t\t\t\t\t\t\t\t<\/div>\n\t\t\t\t<\/div>\n\t\t\t\t\t<\/div>\n\t\t<\/div>\n\t\t\t\t\t<\/div>\n\t\t<\/section>\n\t\t\t\t\t<\/div>\n\t\t<\/div>\n\t\t\t\t\t<\/div>\n\t\t<\/section>\n\t\t\t\t<section class=\"elementor-section elementor-top-section elementor-element elementor-element-852aeae elementor-hidden-tablet elementor-hidden-mobile elementor-section-boxed elementor-section-height-default elementor-section-height-default\" data-id=\"852aeae\" data-element_type=\"section\">\n\t\t\t\t\t\t<div class=\"elementor-container elementor-column-gap-default\">\n\t\t\t\t\t<div class=\"elementor-column elementor-col-50 elementor-top-column elementor-element elementor-element-d8ba8b9\" data-id=\"d8ba8b9\" data-element_type=\"column\">\n\t\t\t<div class=\"elementor-widget-wrap elementor-element-populated\">\n\t\t\t\t\t\t<div class=\"elementor-element elementor-element-9c298ca elementor-hidden-mobile elementor-view-default elementor-widget elementor-widget-icon\" data-id=\"9c298ca\" data-element_type=\"widget\" data-widget_type=\"icon.default\">\n\t\t\t\t<div class=\"elementor-widget-container\">\n\t\t\t\t\t\t\t<div class=\"elementor-icon-wrapper\">\n\t\t\t<div class=\"elementor-icon\">\n\t\t\t<i aria-hidden=\"true\" class=\"fas fa-phone-alt\"><\/i>\t\t\t<\/div>\n\t\t<\/div>\n\t\t\t\t\t\t<\/div>\n\t\t\t\t<\/div>\n\t\t\t\t\t<\/div>\n\t\t<\/div>\n\t\t\t\t<div class=\"elementor-column elementor-col-50 elementor-top-column elementor-element elementor-element-f19ff0c\" data-id=\"f19ff0c\" data-element_type=\"column\">\n\t\t\t<div class=\"elementor-widget-wrap elementor-element-populated\">\n\t\t\t\t\t\t<div class=\"elementor-element elementor-element-0aa25af elementor-widget elementor-widget-text-editor\" data-id=\"0aa25af\" data-element_type=\"widget\" data-widget_type=\"text-editor.default\">\n\t\t\t\t<div class=\"elementor-widget-container\">\n\t\t\t\t\t\t\t\t\t<p style=\"text-align: center;\">You can reach us 24\/7 at <strong>+49 304 397 387 0<\/strong>.<\/p><p style=\"text-align: center;\">Mon to Fri, from 7 am to 5 pm also at: <strong>+49 304 397 387 465<\/strong>.<\/p>\t\t\t\t\t\t\t\t<\/div>\n\t\t\t\t<\/div>\n\t\t\t\t\t<\/div>\n\t\t<\/div>\n\t\t\t\t\t<\/div>\n\t\t<\/section>\n\t\t\t\t<section class=\"elementor-section elementor-top-section elementor-element elementor-element-fdc6b99 elementor-hidden-desktop elementor-section-boxed elementor-section-height-default elementor-section-height-default\" data-id=\"fdc6b99\" data-element_type=\"section\">\n\t\t\t\t\t\t<div class=\"elementor-container elementor-column-gap-default\">\n\t\t\t\t\t<div class=\"elementor-column elementor-col-100 elementor-top-column elementor-element elementor-element-7f6b22f\" data-id=\"7f6b22f\" data-element_type=\"column\">\n\t\t\t<div class=\"elementor-widget-wrap elementor-element-populated\">\n\t\t\t\t\t\t<div class=\"elementor-element elementor-element-1369eff elementor-widget elementor-widget-text-editor\" data-id=\"1369eff\" data-element_type=\"widget\" data-widget_type=\"text-editor.default\">\n\t\t\t\t<div class=\"elementor-widget-container\">\n\t\t\t\t\t\t\t\t\t<p style=\"text-align: center;\">You can reach us 24\/7 at<\/p><p style=\"text-align: center;\"><strong>+49 304 397 387 0<\/strong>.<\/p><p style=\"text-align: center;\">Mon to Fri, from 7 am to 5 pm also at:<\/p><p style=\"text-align: center;\"><strong>+49 304 397 387 465<\/strong>.<\/p>\t\t\t\t\t\t\t\t<\/div>\n\t\t\t\t<\/div>\n\t\t\t\t\t<\/div>\n\t\t<\/div>\n\t\t\t\t\t<\/div>\n\t\t<\/section>\n\t\t\t\t<\/div>","protected":false},"excerpt":{"rendered":"<p>Warenursprung und Pr\u00e4ferenzen H\u00fcrde Warenursprung und Pr\u00e4ferenzen Ben\u00f6tige ich ein Pr\u00e4ferenzpapier? Was ist eine EUR.1? Was bringt mir die Bewilligung erm\u00e4chtigter Ausf\u00fchrer? Muss ich grunds\u00e4tzlich ein Ursprungszeugnis erstellen lassen? Alles H\u00fcrden, die wir gerne f\u00fcr Sie \u00fcberspringen. Dienstleistungen im Bereich Warenursprung und Pr\u00e4ferenzen Erstellung von f\u00f6rmlichen Pr\u00e4ferenznachweisen (EUR.1, EUR-MED, A.TR) Erstellung eines Ursprungszeugnisses Legalisierung der [&hellip;]<\/p>","protected":false},"author":3455,"featured_media":0,"parent":0,"menu_order":0,"comment_status":"closed","ping_status":"closed","template":"","meta":{"footnotes":""},"class_list":["post-824","page","type-page","status-publish","hentry"],"yoast_head":"<!-- This site is optimized with the Yoast SEO plugin v26.4 - https:\/\/yoast.com\/wordpress\/plugins\/seo\/ -->\n<title>Warenursprung und Pr\u00e4ferenzen - m-p customs clearance<\/title>\n<meta name=\"robots\" content=\"index, follow, max-snippet:-1, max-image-preview:large, max-video-preview:-1\" \/>\n<link rel=\"canonical\" href=\"https:\/\/www.mp-cc.com\/en\/warenursprung-und-praeferenzen\/\" \/>\n<meta property=\"og:locale\" content=\"en_US\" \/>\n<meta property=\"og:type\" content=\"article\" \/>\n<meta property=\"og:title\" content=\"Warenursprung und Pr\u00e4ferenzen - m-p customs clearance\" \/>\n<meta property=\"og:description\" content=\"Warenursprung und Pr\u00e4ferenzen H\u00fcrde Warenursprung und Pr\u00e4ferenzen Ben\u00f6tige ich ein Pr\u00e4ferenzpapier? Was ist eine EUR.1? Was bringt mir die Bewilligung erm\u00e4chtigter Ausf\u00fchrer? Muss ich grunds\u00e4tzlich ein Ursprungszeugnis erstellen lassen? Alles H\u00fcrden, die wir gerne f\u00fcr Sie \u00fcberspringen. Dienstleistungen im Bereich Warenursprung und Pr\u00e4ferenzen Erstellung von f\u00f6rmlichen Pr\u00e4ferenznachweisen (EUR.1, EUR-MED, A.TR) Erstellung eines Ursprungszeugnisses Legalisierung der [&hellip;]\" \/>\n<meta property=\"og:url\" content=\"https:\/\/www.mp-cc.com\/en\/warenursprung-und-praeferenzen\/\" \/>\n<meta property=\"og:site_name\" content=\"m-p customs clearance\" \/>\n<meta property=\"article:modified_time\" content=\"2023-03-16T14:45:15+00:00\" \/>\n<meta property=\"og:image\" content=\"https:\/\/www.mp-cc.com\/wp-content\/uploads\/2023\/01\/horse-jumping-equestrian-sports-show-jumping-themed-photo-1-1-300x200.jpg\" \/>\n<meta name=\"twitter:label1\" content=\"Est. reading time\" \/>\n\t<meta name=\"twitter:data1\" content=\"1 minute\" \/>\n<script type=\"application\/ld+json\" class=\"yoast-schema-graph\">{\"@context\":\"https:\/\/schema.org\",\"@graph\":[{\"@type\":\"WebPage\",\"@id\":\"https:\/\/www.mp-cc.com\/warenursprung-und-praeferenzen\/\",\"url\":\"https:\/\/www.mp-cc.com\/warenursprung-und-praeferenzen\/\",\"name\":\"Warenursprung und Pr\u00e4ferenzen - m-p customs clearance\",\"isPartOf\":{\"@id\":\"https:\/\/www.mp-cc.com\/#website\"},\"primaryImageOfPage\":{\"@id\":\"https:\/\/www.mp-cc.com\/warenursprung-und-praeferenzen\/#primaryimage\"},\"image\":{\"@id\":\"https:\/\/www.mp-cc.com\/warenursprung-und-praeferenzen\/#primaryimage\"},\"thumbnailUrl\":\"https:\/\/www.mp-cc.com\/wp-content\/uploads\/2023\/01\/horse-jumping-equestrian-sports-show-jumping-themed-photo-1-1-300x200.jpg\",\"datePublished\":\"2023-01-09T16:54:16+00:00\",\"dateModified\":\"2023-03-16T14:45:15+00:00\",\"breadcrumb\":{\"@id\":\"https:\/\/www.mp-cc.com\/warenursprung-und-praeferenzen\/#breadcrumb\"},\"inLanguage\":\"en-US\",\"potentialAction\":[{\"@type\":\"ReadAction\",\"target\":[\"https:\/\/www.mp-cc.com\/warenursprung-und-praeferenzen\/\"]}]},{\"@type\":\"ImageObject\",\"inLanguage\":\"en-US\",\"@id\":\"https:\/\/www.mp-cc.com\/warenursprung-und-praeferenzen\/#primaryimage\",\"url\":\"https:\/\/www.mp-cc.com\/wp-content\/uploads\/2023\/01\/horse-jumping-equestrian-sports-show-jumping-themed-photo-1-1-300x200.jpg\",\"contentUrl\":\"https:\/\/www.mp-cc.com\/wp-content\/uploads\/2023\/01\/horse-jumping-equestrian-sports-show-jumping-themed-photo-1-1-300x200.jpg\"},{\"@type\":\"BreadcrumbList\",\"@id\":\"https:\/\/www.mp-cc.com\/warenursprung-und-praeferenzen\/#breadcrumb\",\"itemListElement\":[{\"@type\":\"ListItem\",\"position\":1,\"name\":\"Home\",\"item\":\"https:\/\/www.mp-cc.com\/\"},{\"@type\":\"ListItem\",\"position\":2,\"name\":\"Warenursprung und Pr\u00e4ferenzen\"}]},{\"@type\":\"WebSite\",\"@id\":\"https:\/\/www.mp-cc.com\/#website\",\"url\":\"https:\/\/www.mp-cc.com\/\",\"name\":\"m-p customs clearance - Your customs service provider with heart and competence\",\"description\":\"your customs clearance!\",\"publisher\":{\"@id\":\"https:\/\/www.mp-cc.com\/#organization\"},\"potentialAction\":[{\"@type\":\"SearchAction\",\"target\":{\"@type\":\"EntryPoint\",\"urlTemplate\":\"https:\/\/www.mp-cc.com\/?s={search_term_string}\"},\"query-input\":{\"@type\":\"PropertyValueSpecification\",\"valueRequired\":true,\"valueName\":\"search_term_string\"}}],\"inLanguage\":\"en-US\"},{\"@type\":\"Organization\",\"@id\":\"https:\/\/www.mp-cc.com\/#organization\",\"name\":\"m-p customs clearance Inc.\",\"url\":\"https:\/\/www.mp-cc.com\/\",\"logo\":{\"@type\":\"ImageObject\",\"inLanguage\":\"en-US\",\"@id\":\"https:\/\/www.mp-cc.com\/#\/schema\/logo\/image\/\",\"url\":\"https:\/\/www.mp-cc.com\/wp-content\/uploads\/2023\/02\/cropped-mp-cc_work.jpg\",\"contentUrl\":\"https:\/\/www.mp-cc.com\/wp-content\/uploads\/2023\/02\/cropped-mp-cc_work.jpg\",\"width\":1611,\"height\":346,\"caption\":\"m-p customs clearance Inc.\"},\"image\":{\"@id\":\"https:\/\/www.mp-cc.com\/#\/schema\/logo\/image\/\"}}]}<\/script>\n<!-- \/ Yoast SEO plugin. -->","yoast_head_json":{"title":"Warenursprung und Pr\u00e4ferenzen - m-p customs clearance","robots":{"index":"index","follow":"follow","max-snippet":"max-snippet:-1","max-image-preview":"max-image-preview:large","max-video-preview":"max-video-preview:-1"},"canonical":"https:\/\/www.mp-cc.com\/en\/warenursprung-und-praeferenzen\/","og_locale":"en_US","og_type":"article","og_title":"Warenursprung und Pr\u00e4ferenzen - m-p customs clearance","og_description":"Warenursprung und Pr\u00e4ferenzen H\u00fcrde Warenursprung und Pr\u00e4ferenzen Ben\u00f6tige ich ein Pr\u00e4ferenzpapier? Was ist eine EUR.1? Was bringt mir die Bewilligung erm\u00e4chtigter Ausf\u00fchrer? Muss ich grunds\u00e4tzlich ein Ursprungszeugnis erstellen lassen? Alles H\u00fcrden, die wir gerne f\u00fcr Sie \u00fcberspringen. Dienstleistungen im Bereich Warenursprung und Pr\u00e4ferenzen Erstellung von f\u00f6rmlichen Pr\u00e4ferenznachweisen (EUR.1, EUR-MED, A.TR) Erstellung eines Ursprungszeugnisses Legalisierung der [&hellip;]","og_url":"https:\/\/www.mp-cc.com\/en\/warenursprung-und-praeferenzen\/","og_site_name":"m-p customs clearance","article_modified_time":"2023-03-16T14:45:15+00:00","og_image":[{"url":"https:\/\/www.mp-cc.com\/wp-content\/uploads\/2023\/01\/horse-jumping-equestrian-sports-show-jumping-themed-photo-1-1-300x200.jpg","type":"","width":"","height":""}],"twitter_misc":{"Est. reading time":"1 minute"},"schema":{"@context":"https:\/\/schema.org","@graph":[{"@type":"WebPage","@id":"https:\/\/www.mp-cc.com\/warenursprung-und-praeferenzen\/","url":"https:\/\/www.mp-cc.com\/warenursprung-und-praeferenzen\/","name":"Warenursprung und Pr\u00e4ferenzen - m-p customs clearance","isPartOf":{"@id":"https:\/\/www.mp-cc.com\/#website"},"primaryImageOfPage":{"@id":"https:\/\/www.mp-cc.com\/warenursprung-und-praeferenzen\/#primaryimage"},"image":{"@id":"https:\/\/www.mp-cc.com\/warenursprung-und-praeferenzen\/#primaryimage"},"thumbnailUrl":"https:\/\/www.mp-cc.com\/wp-content\/uploads\/2023\/01\/horse-jumping-equestrian-sports-show-jumping-themed-photo-1-1-300x200.jpg","datePublished":"2023-01-09T16:54:16+00:00","dateModified":"2023-03-16T14:45:15+00:00","breadcrumb":{"@id":"https:\/\/www.mp-cc.com\/warenursprung-und-praeferenzen\/#breadcrumb"},"inLanguage":"en-US","potentialAction":[{"@type":"ReadAction","target":["https:\/\/www.mp-cc.com\/warenursprung-und-praeferenzen\/"]}]},{"@type":"ImageObject","inLanguage":"en-US","@id":"https:\/\/www.mp-cc.com\/warenursprung-und-praeferenzen\/#primaryimage","url":"https:\/\/www.mp-cc.com\/wp-content\/uploads\/2023\/01\/horse-jumping-equestrian-sports-show-jumping-themed-photo-1-1-300x200.jpg","contentUrl":"https:\/\/www.mp-cc.com\/wp-content\/uploads\/2023\/01\/horse-jumping-equestrian-sports-show-jumping-themed-photo-1-1-300x200.jpg"},{"@type":"BreadcrumbList","@id":"https:\/\/www.mp-cc.com\/warenursprung-und-praeferenzen\/#breadcrumb","itemListElement":[{"@type":"ListItem","position":1,"name":"Home","item":"https:\/\/www.mp-cc.com\/"},{"@type":"ListItem","position":2,"name":"Warenursprung und Pr\u00e4ferenzen"}]},{"@type":"WebSite","@id":"https:\/\/www.mp-cc.com\/#website","url":"https:\/\/www.mp-cc.com\/","name":"m-p customs clearance - Your customs service provider with heart and competence","description":"your customs clearance!","publisher":{"@id":"https:\/\/www.mp-cc.com\/#organization"},"potentialAction":[{"@type":"SearchAction","target":{"@type":"EntryPoint","urlTemplate":"https:\/\/www.mp-cc.com\/?s={search_term_string}"},"query-input":{"@type":"PropertyValueSpecification","valueRequired":true,"valueName":"search_term_string"}}],"inLanguage":"en-US"},{"@type":"Organization","@id":"https:\/\/www.mp-cc.com\/#organization","name":"m-p customs clearance Inc.","url":"https:\/\/www.mp-cc.com\/","logo":{"@type":"ImageObject","inLanguage":"en-US","@id":"https:\/\/www.mp-cc.com\/#\/schema\/logo\/image\/","url":"https:\/\/www.mp-cc.com\/wp-content\/uploads\/2023\/02\/cropped-mp-cc_work.jpg","contentUrl":"https:\/\/www.mp-cc.com\/wp-content\/uploads\/2023\/02\/cropped-mp-cc_work.jpg","width":1611,"height":346,"caption":"m-p customs clearance Inc."},"image":{"@id":"https:\/\/www.mp-cc.com\/#\/schema\/logo\/image\/"}}]}},"_links":{"self":[{"href":"https:\/\/www.mp-cc.com\/en\/wp-json\/wp\/v2\/pages\/824","targetHints":{"allow":["GET"]}}],"collection":[{"href":"https:\/\/www.mp-cc.com\/en\/wp-json\/wp\/v2\/pages"}],"about":[{"href":"https:\/\/www.mp-cc.com\/en\/wp-json\/wp\/v2\/types\/page"}],"author":[{"embeddable":true,"href":"https:\/\/www.mp-cc.com\/en\/wp-json\/wp\/v2\/users\/3455"}],"replies":[{"embeddable":true,"href":"https:\/\/www.mp-cc.com\/en\/wp-json\/wp\/v2\/comments?post=824"}],"version-history":[{"count":0,"href":"https:\/\/www.mp-cc.com\/en\/wp-json\/wp\/v2\/pages\/824\/revisions"}],"wp:attachment":[{"href":"https:\/\/www.mp-cc.com\/en\/wp-json\/wp\/v2\/media?parent=824"}],"curies":[{"name":"wp","href":"https:\/\/api.w.org\/{rel}","templated":true}]}}