{"id":822,"date":"2023-01-09T13:53:23","date_gmt":"2023-01-09T16:53:23","guid":{"rendered":"https:\/\/www.mp-cc.com\/?page_id=822"},"modified":"2023-03-16T11:44:14","modified_gmt":"2023-03-16T14:44:14","slug":"besondere-verfahren","status":"publish","type":"page","link":"https:\/\/www.mp-cc.com\/en\/besondere-verfahren\/","title":{"rendered":"Special Procedures"},"content":{"rendered":"<div data-elementor-type=\"wp-page\" data-elementor-id=\"822\" class=\"elementor elementor-822\" data-elementor-post-type=\"page\">\n\t\t\t\t\t\t<section class=\"elementor-section elementor-top-section elementor-element elementor-element-dee8883 elementor-section-boxed elementor-section-height-default elementor-section-height-default\" data-id=\"dee8883\" data-element_type=\"section\" data-settings=\"{&quot;background_background&quot;:&quot;classic&quot;}\">\n\t\t\t\t\t\t\t<div class=\"elementor-background-overlay\"><\/div>\n\t\t\t\t\t\t\t<div class=\"elementor-container elementor-column-gap-default\">\n\t\t\t\t\t<div class=\"elementor-column elementor-col-100 elementor-top-column elementor-element elementor-element-395d6f7\" data-id=\"395d6f7\" data-element_type=\"column\">\n\t\t\t<div class=\"elementor-widget-wrap elementor-element-populated\">\n\t\t\t\t\t\t<div class=\"elementor-element elementor-element-b97516b elementor-widget elementor-widget-heading\" data-id=\"b97516b\" data-element_type=\"widget\" data-widget_type=\"heading.default\">\n\t\t\t\t<div class=\"elementor-widget-container\">\n\t\t\t\t\t<h2 class=\"elementor-heading-title elementor-size-default\">Special Procedures<\/h2>\t\t\t\t<\/div>\n\t\t\t\t<\/div>\n\t\t\t\t\t<\/div>\n\t\t<\/div>\n\t\t\t\t\t<\/div>\n\t\t<\/section>\n\t\t\t\t<section class=\"elementor-section elementor-top-section elementor-element elementor-element-d6fbcec elementor-reverse-tablet elementor-reverse-mobile elementor-section-boxed elementor-section-height-default elementor-section-height-default\" data-id=\"d6fbcec\" data-element_type=\"section\" data-settings=\"{&quot;background_background&quot;:&quot;classic&quot;}\">\n\t\t\t\t\t\t<div class=\"elementor-container elementor-column-gap-default\">\n\t\t\t\t\t<div class=\"elementor-column elementor-col-100 elementor-top-column elementor-element elementor-element-4ea4e52\" data-id=\"4ea4e52\" data-element_type=\"column\">\n\t\t\t<div class=\"elementor-widget-wrap elementor-element-populated\">\n\t\t\t\t\t\t<div class=\"elementor-element elementor-element-616c8bf elementor-widget elementor-widget-heading\" data-id=\"616c8bf\" data-element_type=\"widget\" data-widget_type=\"heading.default\">\n\t\t\t\t<div class=\"elementor-widget-container\">\n\t\t\t\t\t<h3 class=\"elementor-heading-title elementor-size-default\">Hurdle: Special Procedures<\/h3>\t\t\t\t<\/div>\n\t\t\t\t<\/div>\n\t\t\t\t<div class=\"elementor-element elementor-element-1b4c0c6 elementor-widget elementor-widget-image\" data-id=\"1b4c0c6\" data-element_type=\"widget\" data-widget_type=\"image.default\">\n\t\t\t\t<div class=\"elementor-widget-container\">\n\t\t\t\t\t\t\t\t\t\t\t\t\t\t\t<img fetchpriority=\"high\" decoding=\"async\" width=\"300\" height=\"182\" src=\"https:\/\/www.mp-cc.com\/wp-content\/uploads\/2023\/01\/participant-in-obstacle-course-climbing-wall-300x182.jpg\" class=\"attachment-medium size-medium wp-image-711\" alt=\"Participant in obstacle course climbing wall\" srcset=\"https:\/\/www.mp-cc.com\/wp-content\/uploads\/2023\/01\/participant-in-obstacle-course-climbing-wall-300x182.jpg 300w, https:\/\/www.mp-cc.com\/wp-content\/uploads\/2023\/01\/participant-in-obstacle-course-climbing-wall-1024x620.jpg 1024w, https:\/\/www.mp-cc.com\/wp-content\/uploads\/2023\/01\/participant-in-obstacle-course-climbing-wall-768x465.jpg 768w, https:\/\/www.mp-cc.com\/wp-content\/uploads\/2023\/01\/participant-in-obstacle-course-climbing-wall-1536x929.jpg 1536w, https:\/\/www.mp-cc.com\/wp-content\/uploads\/2023\/01\/participant-in-obstacle-course-climbing-wall.jpg 2000w\" sizes=\"(max-width: 300px) 100vw, 300px\" \/>\t\t\t\t\t\t\t\t\t\t\t\t\t\t\t<\/div>\n\t\t\t\t<\/div>\n\t\t\t\t<div class=\"elementor-element elementor-element-f66ec11 elementor-widget elementor-widget-text-editor\" data-id=\"f66ec11\" data-element_type=\"widget\" data-widget_type=\"text-editor.default\">\n\t\t\t\t<div class=\"elementor-widget-container\">\n\t\t\t\t\t\t\t\t\t<p style=\"text-align: center;\" data-pm-slice=\"1 1 []\">You are requesting a special customs procedure?<\/p><p style=\"text-align: center;\">Your intention is to pay the least duties and taxes, but you are unsure how to?<\/p><p style=\"text-align: center;\">What is processing?<\/p><p style=\"text-align: center;\">What is a transit?<\/p><p style=\"text-align: center;\">You are intending to send goods via a transit system?<\/p><p style=\"text-align: center;\">How long may goods be stored in a customs warehouse?<\/p>\t\t\t\t\t\t\t\t<\/div>\n\t\t\t\t<\/div>\n\t\t\t\t<div class=\"elementor-element elementor-element-d21b1a7 elementor-widget elementor-widget-text-editor\" data-id=\"d21b1a7\" data-element_type=\"widget\" data-widget_type=\"text-editor.default\">\n\t\t\t\t<div class=\"elementor-widget-container\">\n\t\t\t\t\t\t\t\t\t<p data-pm-slice=\"1 1 []\">All hurdles that we happily jump for you.<\/p>\t\t\t\t\t\t\t\t<\/div>\n\t\t\t\t<\/div>\n\t\t\t\t<section class=\"elementor-section elementor-inner-section elementor-element elementor-element-3d42aa3 elementor-section-boxed elementor-section-height-default elementor-section-height-default\" data-id=\"3d42aa3\" data-element_type=\"section\" data-settings=\"{&quot;background_background&quot;:&quot;classic&quot;}\">\n\t\t\t\t\t\t\t<div class=\"elementor-background-overlay\"><\/div>\n\t\t\t\t\t\t\t<div class=\"elementor-container elementor-column-gap-default\">\n\t\t\t\t\t<div class=\"elementor-column elementor-col-66 elementor-inner-column elementor-element elementor-element-32926bb\" data-id=\"32926bb\" data-element_type=\"column\">\n\t\t\t<div class=\"elementor-widget-wrap elementor-element-populated\">\n\t\t\t\t\t\t<div class=\"elementor-element elementor-element-a25d9f5 elementor-widget elementor-widget-heading\" data-id=\"a25d9f5\" data-element_type=\"widget\" data-widget_type=\"heading.default\">\n\t\t\t\t<div class=\"elementor-widget-container\">\n\t\t\t\t\t<h4 class=\"elementor-heading-title elementor-size-default\">Services in the Special Procedures Area<\/h4>\t\t\t\t<\/div>\n\t\t\t\t<\/div>\n\t\t\t\t<div class=\"elementor-element elementor-element-7b0991d elementor-icon-list--layout-traditional elementor-list-item-link-full_width elementor-widget elementor-widget-icon-list\" data-id=\"7b0991d\" data-element_type=\"widget\" data-widget_type=\"icon-list.default\">\n\t\t\t\t<div class=\"elementor-widget-container\">\n\t\t\t\t\t\t\t<ul class=\"elementor-icon-list-items\">\n\t\t\t\t\t\t\t<li class=\"elementor-icon-list-item\">\n\t\t\t\t\t\t\t\t\t\t\t<span class=\"elementor-icon-list-icon\">\n\t\t\t\t\t\t\t<i aria-hidden=\"true\" class=\"fas fa-check\"><\/i>\t\t\t\t\t\t<\/span>\n\t\t\t\t\t\t\t\t\t\t<span class=\"elementor-icon-list-text\">Creation of electronic export declarations for passive processing (INF2)<\/span>\n\t\t\t\t\t\t\t\t\t<\/li>\n\t\t\t\t\t\t\t\t<li class=\"elementor-icon-list-item\">\n\t\t\t\t\t\t\t\t\t\t\t<span class=\"elementor-icon-list-icon\">\n\t\t\t\t\t\t\t<i aria-hidden=\"true\" class=\"fas fa-check\"><\/i>\t\t\t\t\t\t<\/span>\n\t\t\t\t\t\t\t\t\t\t<span class=\"elementor-icon-list-text\">Creation of an electronic import declaration for active processing<\/span>\n\t\t\t\t\t\t\t\t\t<\/li>\n\t\t\t\t\t\t\t\t<li class=\"elementor-icon-list-item\">\n\t\t\t\t\t\t\t\t\t\t\t<span class=\"elementor-icon-list-icon\">\n\t\t\t\t\t\t\t<i aria-hidden=\"true\" class=\"fas fa-check\"><\/i>\t\t\t\t\t\t<\/span>\n\t\t\t\t\t\t\t\t\t\t<span class=\"elementor-icon-list-text\">Creation of an SAD for temporary use incl. D.V.1 (for customs valuation)<\/span>\n\t\t\t\t\t\t\t\t\t<\/li>\n\t\t\t\t\t\t\t\t<li class=\"elementor-icon-list-item\">\n\t\t\t\t\t\t\t\t\t\t\t<span class=\"elementor-icon-list-icon\">\n\t\t\t\t\t\t\t<i aria-hidden=\"true\" class=\"fas fa-check\"><\/i>\t\t\t\t\t\t<\/span>\n\t\t\t\t\t\t\t\t\t\t<span class=\"elementor-icon-list-text\">Creation of an electronic export declaration to supersede a special procedure<\/span>\n\t\t\t\t\t\t\t\t\t<\/li>\n\t\t\t\t\t\t\t\t<li class=\"elementor-icon-list-item\">\n\t\t\t\t\t\t\t\t\t\t\t<span class=\"elementor-icon-list-icon\">\n\t\t\t\t\t\t\t<i aria-hidden=\"true\" class=\"fas fa-check\"><\/i>\t\t\t\t\t\t<\/span>\n\t\t\t\t\t\t\t\t\t\t<span class=\"elementor-icon-list-text\">Creation of the transit documents T2L and T2LF<\/span>\n\t\t\t\t\t\t\t\t\t<\/li>\n\t\t\t\t\t\t\t\t<li class=\"elementor-icon-list-item\">\n\t\t\t\t\t\t\t\t\t\t\t<span class=\"elementor-icon-list-icon\">\n\t\t\t\t\t\t\t<i aria-hidden=\"true\" class=\"fas fa-check\"><\/i>\t\t\t\t\t\t<\/span>\n\t\t\t\t\t\t\t\t\t\t<span class=\"elementor-icon-list-text\">Preparation of the INF3 paper for return goods clearance<\/span>\n\t\t\t\t\t\t\t\t\t<\/li>\n\t\t\t\t\t\t\t\t<li class=\"elementor-icon-list-item\">\n\t\t\t\t\t\t\t\t\t\t\t<span class=\"elementor-icon-list-icon\">\n\t\t\t\t\t\t\t<i aria-hidden=\"true\" class=\"fas fa-check\"><\/i>\t\t\t\t\t\t<\/span>\n\t\t\t\t\t\t\t\t\t\t<span class=\"elementor-icon-list-text\">T1 Creation<\/span>\n\t\t\t\t\t\t\t\t\t<\/li>\n\t\t\t\t\t\t\t\t<li class=\"elementor-icon-list-item\">\n\t\t\t\t\t\t\t\t\t\t\t<span class=\"elementor-icon-list-icon\">\n\t\t\t\t\t\t\t<i aria-hidden=\"true\" class=\"fas fa-check\"><\/i>\t\t\t\t\t\t<\/span>\n\t\t\t\t\t\t\t\t\t\t<span class=\"elementor-icon-list-text\">T1 Provision<\/span>\n\t\t\t\t\t\t\t\t\t<\/li>\n\t\t\t\t\t\t<\/ul>\n\t\t\t\t\t\t<\/div>\n\t\t\t\t<\/div>\n\t\t\t\t\t<\/div>\n\t\t<\/div>\n\t\t\t\t<div class=\"elementor-column elementor-col-33 elementor-inner-column elementor-element elementor-element-f39a6a5\" data-id=\"f39a6a5\" data-element_type=\"column\">\n\t\t\t<div class=\"elementor-widget-wrap elementor-element-populated\">\n\t\t\t\t\t\t<div class=\"elementor-element elementor-element-b9a32a6 elementor-hidden-tablet elementor-widget elementor-widget-image\" data-id=\"b9a32a6\" data-element_type=\"widget\" data-widget_type=\"image.default\">\n\t\t\t\t<div class=\"elementor-widget-container\">\n\t\t\t\t\t\t\t\t\t\t\t\t\t\t\t<img decoding=\"async\" width=\"682\" height=\"1024\" src=\"https:\/\/www.mp-cc.com\/wp-content\/uploads\/2023\/01\/empty-notebook-with-calculator-on-desk-office-682x1024.jpg\" class=\"attachment-large size-large wp-image-950\" alt=\"Empty notebook with calculator on desk office\" srcset=\"https:\/\/www.mp-cc.com\/wp-content\/uploads\/2023\/01\/empty-notebook-with-calculator-on-desk-office-682x1024.jpg 682w, https:\/\/www.mp-cc.com\/wp-content\/uploads\/2023\/01\/empty-notebook-with-calculator-on-desk-office-200x300.jpg 200w, https:\/\/www.mp-cc.com\/wp-content\/uploads\/2023\/01\/empty-notebook-with-calculator-on-desk-office-768x1152.jpg 768w, https:\/\/www.mp-cc.com\/wp-content\/uploads\/2023\/01\/empty-notebook-with-calculator-on-desk-office-1024x1536.jpg 1024w, https:\/\/www.mp-cc.com\/wp-content\/uploads\/2023\/01\/empty-notebook-with-calculator-on-desk-office.jpg 1333w\" sizes=\"(max-width: 682px) 100vw, 682px\" \/>\t\t\t\t\t\t\t\t\t\t\t\t\t\t\t<\/div>\n\t\t\t\t<\/div>\n\t\t\t\t\t<\/div>\n\t\t<\/div>\n\t\t\t\t\t<\/div>\n\t\t<\/section>\n\t\t\t\t\t<\/div>\n\t\t<\/div>\n\t\t\t\t\t<\/div>\n\t\t<\/section>\n\t\t\t\t<section class=\"elementor-section elementor-top-section elementor-element elementor-element-6c451b5 elementor-hidden-tablet elementor-hidden-mobile elementor-section-boxed elementor-section-height-default elementor-section-height-default\" data-id=\"6c451b5\" data-element_type=\"section\">\n\t\t\t\t\t\t<div class=\"elementor-container elementor-column-gap-default\">\n\t\t\t\t\t<div class=\"elementor-column elementor-col-50 elementor-top-column elementor-element elementor-element-0880ad4\" data-id=\"0880ad4\" data-element_type=\"column\">\n\t\t\t<div class=\"elementor-widget-wrap elementor-element-populated\">\n\t\t\t\t\t\t<div class=\"elementor-element elementor-element-e22072e elementor-hidden-mobile elementor-view-default elementor-widget elementor-widget-icon\" data-id=\"e22072e\" data-element_type=\"widget\" data-widget_type=\"icon.default\">\n\t\t\t\t<div class=\"elementor-widget-container\">\n\t\t\t\t\t\t\t<div class=\"elementor-icon-wrapper\">\n\t\t\t<div class=\"elementor-icon\">\n\t\t\t<i aria-hidden=\"true\" class=\"fas fa-phone-alt\"><\/i>\t\t\t<\/div>\n\t\t<\/div>\n\t\t\t\t\t\t<\/div>\n\t\t\t\t<\/div>\n\t\t\t\t\t<\/div>\n\t\t<\/div>\n\t\t\t\t<div class=\"elementor-column elementor-col-50 elementor-top-column elementor-element elementor-element-04d9e4b\" data-id=\"04d9e4b\" data-element_type=\"column\">\n\t\t\t<div class=\"elementor-widget-wrap elementor-element-populated\">\n\t\t\t\t\t\t<div class=\"elementor-element elementor-element-fce75b3 elementor-widget elementor-widget-text-editor\" data-id=\"fce75b3\" data-element_type=\"widget\" data-widget_type=\"text-editor.default\">\n\t\t\t\t<div class=\"elementor-widget-container\">\n\t\t\t\t\t\t\t\t\t<p style=\"text-align: left;\">You can reach us 24\/7 at <strong>+49 304 397 387 0<\/strong>.<\/p>\t\t\t\t\t\t\t\t<\/div>\n\t\t\t\t<\/div>\n\t\t\t\t\t<\/div>\n\t\t<\/div>\n\t\t\t\t\t<\/div>\n\t\t<\/section>\n\t\t\t\t<section class=\"elementor-section elementor-top-section elementor-element elementor-element-4d0e536 elementor-hidden-desktop elementor-section-boxed elementor-section-height-default elementor-section-height-default\" data-id=\"4d0e536\" data-element_type=\"section\">\n\t\t\t\t\t\t<div class=\"elementor-container elementor-column-gap-default\">\n\t\t\t\t\t<div class=\"elementor-column elementor-col-50 elementor-top-column elementor-element elementor-element-4b57835\" data-id=\"4b57835\" data-element_type=\"column\">\n\t\t\t<div class=\"elementor-widget-wrap elementor-element-populated\">\n\t\t\t\t\t\t<div class=\"elementor-element elementor-element-e132d1c elementor-hidden-mobile elementor-view-default elementor-widget elementor-widget-icon\" data-id=\"e132d1c\" data-element_type=\"widget\" data-widget_type=\"icon.default\">\n\t\t\t\t<div class=\"elementor-widget-container\">\n\t\t\t\t\t\t\t<div class=\"elementor-icon-wrapper\">\n\t\t\t<div class=\"elementor-icon\">\n\t\t\t<i aria-hidden=\"true\" class=\"fas fa-phone-alt\"><\/i>\t\t\t<\/div>\n\t\t<\/div>\n\t\t\t\t\t\t<\/div>\n\t\t\t\t<\/div>\n\t\t\t\t\t<\/div>\n\t\t<\/div>\n\t\t\t\t<div class=\"elementor-column elementor-col-50 elementor-top-column elementor-element elementor-element-4a58a24\" data-id=\"4a58a24\" data-element_type=\"column\">\n\t\t\t<div class=\"elementor-widget-wrap elementor-element-populated\">\n\t\t\t\t\t\t<div class=\"elementor-element elementor-element-f736d53 elementor-widget elementor-widget-text-editor\" data-id=\"f736d53\" data-element_type=\"widget\" data-widget_type=\"text-editor.default\">\n\t\t\t\t<div class=\"elementor-widget-container\">\n\t\t\t\t\t\t\t\t\t<p style=\"text-align: left;\">You can reach us 24\/7 at <strong>+49 304 397 387 0<\/strong>.<\/p>\t\t\t\t\t\t\t\t<\/div>\n\t\t\t\t<\/div>\n\t\t\t\t\t<\/div>\n\t\t<\/div>\n\t\t\t\t\t<\/div>\n\t\t<\/section>\n\t\t\t\t<\/div>","protected":false},"excerpt":{"rendered":"<p>Besondere Verfahren H\u00fcrde Besondere Verfahren Sie w\u00fcnschen ein besonderes Zollverfahren? Sie m\u00f6chten m\u00f6glichst Z\u00f6lle sparen, wissen aber nicht wie? Was ist eine Veredelung? Was ist ein Transit? Kann ich meine Sendung im Versandverfahren transportieren? Wie lang darf die Sendung in einem Zolllager lagern? Alles H\u00fcrden, die wir gerne f\u00fcr Sie \u00fcberspringen. Dienstleistungen im Bereich Sonderverfahren [&hellip;]<\/p>","protected":false},"author":3455,"featured_media":0,"parent":0,"menu_order":0,"comment_status":"closed","ping_status":"closed","template":"","meta":{"footnotes":""},"class_list":["post-822","page","type-page","status-publish","hentry"],"yoast_head":"<!-- This site is optimized with the Yoast SEO plugin v26.4 - https:\/\/yoast.com\/wordpress\/plugins\/seo\/ -->\n<title>Besondere Verfahren - m-p customs clearance<\/title>\n<meta name=\"robots\" content=\"index, follow, max-snippet:-1, max-image-preview:large, max-video-preview:-1\" \/>\n<link rel=\"canonical\" href=\"https:\/\/www.mp-cc.com\/en\/besondere-verfahren\/\" \/>\n<meta property=\"og:locale\" content=\"en_US\" \/>\n<meta property=\"og:type\" content=\"article\" \/>\n<meta property=\"og:title\" content=\"Besondere Verfahren - m-p customs clearance\" \/>\n<meta property=\"og:description\" content=\"Besondere Verfahren H\u00fcrde Besondere Verfahren Sie w\u00fcnschen ein besonderes Zollverfahren? Sie m\u00f6chten m\u00f6glichst Z\u00f6lle sparen, wissen aber nicht wie? Was ist eine Veredelung? Was ist ein Transit? Kann ich meine Sendung im Versandverfahren transportieren? Wie lang darf die Sendung in einem Zolllager lagern? Alles H\u00fcrden, die wir gerne f\u00fcr Sie \u00fcberspringen. Dienstleistungen im Bereich Sonderverfahren [&hellip;]\" \/>\n<meta property=\"og:url\" content=\"https:\/\/www.mp-cc.com\/en\/besondere-verfahren\/\" \/>\n<meta property=\"og:site_name\" content=\"m-p customs clearance\" \/>\n<meta property=\"article:modified_time\" content=\"2023-03-16T14:44:14+00:00\" \/>\n<meta property=\"og:image\" content=\"https:\/\/www.mp-cc.com\/wp-content\/uploads\/2023\/01\/participant-in-obstacle-course-climbing-wall-300x182.jpg\" \/>\n<meta name=\"twitter:label1\" content=\"Est. reading time\" \/>\n\t<meta name=\"twitter:data1\" content=\"2 minutes\" \/>\n<script type=\"application\/ld+json\" class=\"yoast-schema-graph\">{\"@context\":\"https:\/\/schema.org\",\"@graph\":[{\"@type\":\"WebPage\",\"@id\":\"https:\/\/www.mp-cc.com\/besondere-verfahren\/\",\"url\":\"https:\/\/www.mp-cc.com\/besondere-verfahren\/\",\"name\":\"Besondere Verfahren - m-p customs clearance\",\"isPartOf\":{\"@id\":\"https:\/\/www.mp-cc.com\/#website\"},\"primaryImageOfPage\":{\"@id\":\"https:\/\/www.mp-cc.com\/besondere-verfahren\/#primaryimage\"},\"image\":{\"@id\":\"https:\/\/www.mp-cc.com\/besondere-verfahren\/#primaryimage\"},\"thumbnailUrl\":\"https:\/\/www.mp-cc.com\/wp-content\/uploads\/2023\/01\/participant-in-obstacle-course-climbing-wall-300x182.jpg\",\"datePublished\":\"2023-01-09T16:53:23+00:00\",\"dateModified\":\"2023-03-16T14:44:14+00:00\",\"breadcrumb\":{\"@id\":\"https:\/\/www.mp-cc.com\/besondere-verfahren\/#breadcrumb\"},\"inLanguage\":\"en-US\",\"potentialAction\":[{\"@type\":\"ReadAction\",\"target\":[\"https:\/\/www.mp-cc.com\/besondere-verfahren\/\"]}]},{\"@type\":\"ImageObject\",\"inLanguage\":\"en-US\",\"@id\":\"https:\/\/www.mp-cc.com\/besondere-verfahren\/#primaryimage\",\"url\":\"https:\/\/www.mp-cc.com\/wp-content\/uploads\/2023\/01\/participant-in-obstacle-course-climbing-wall-300x182.jpg\",\"contentUrl\":\"https:\/\/www.mp-cc.com\/wp-content\/uploads\/2023\/01\/participant-in-obstacle-course-climbing-wall-300x182.jpg\"},{\"@type\":\"BreadcrumbList\",\"@id\":\"https:\/\/www.mp-cc.com\/besondere-verfahren\/#breadcrumb\",\"itemListElement\":[{\"@type\":\"ListItem\",\"position\":1,\"name\":\"Home\",\"item\":\"https:\/\/www.mp-cc.com\/\"},{\"@type\":\"ListItem\",\"position\":2,\"name\":\"Besondere Verfahren\"}]},{\"@type\":\"WebSite\",\"@id\":\"https:\/\/www.mp-cc.com\/#website\",\"url\":\"https:\/\/www.mp-cc.com\/\",\"name\":\"m-p customs clearance - Your customs service provider with heart and competence\",\"description\":\"your customs clearance!\",\"publisher\":{\"@id\":\"https:\/\/www.mp-cc.com\/#organization\"},\"potentialAction\":[{\"@type\":\"SearchAction\",\"target\":{\"@type\":\"EntryPoint\",\"urlTemplate\":\"https:\/\/www.mp-cc.com\/?s={search_term_string}\"},\"query-input\":{\"@type\":\"PropertyValueSpecification\",\"valueRequired\":true,\"valueName\":\"search_term_string\"}}],\"inLanguage\":\"en-US\"},{\"@type\":\"Organization\",\"@id\":\"https:\/\/www.mp-cc.com\/#organization\",\"name\":\"m-p customs clearance Inc.\",\"url\":\"https:\/\/www.mp-cc.com\/\",\"logo\":{\"@type\":\"ImageObject\",\"inLanguage\":\"en-US\",\"@id\":\"https:\/\/www.mp-cc.com\/#\/schema\/logo\/image\/\",\"url\":\"https:\/\/www.mp-cc.com\/wp-content\/uploads\/2023\/02\/cropped-mp-cc_work.jpg\",\"contentUrl\":\"https:\/\/www.mp-cc.com\/wp-content\/uploads\/2023\/02\/cropped-mp-cc_work.jpg\",\"width\":1611,\"height\":346,\"caption\":\"m-p customs clearance Inc.\"},\"image\":{\"@id\":\"https:\/\/www.mp-cc.com\/#\/schema\/logo\/image\/\"}}]}<\/script>\n<!-- \/ Yoast SEO plugin. -->","yoast_head_json":{"title":"Besondere Verfahren - m-p customs clearance","robots":{"index":"index","follow":"follow","max-snippet":"max-snippet:-1","max-image-preview":"max-image-preview:large","max-video-preview":"max-video-preview:-1"},"canonical":"https:\/\/www.mp-cc.com\/en\/besondere-verfahren\/","og_locale":"en_US","og_type":"article","og_title":"Besondere Verfahren - m-p customs clearance","og_description":"Besondere Verfahren H\u00fcrde Besondere Verfahren Sie w\u00fcnschen ein besonderes Zollverfahren? Sie m\u00f6chten m\u00f6glichst Z\u00f6lle sparen, wissen aber nicht wie? Was ist eine Veredelung? Was ist ein Transit? Kann ich meine Sendung im Versandverfahren transportieren? Wie lang darf die Sendung in einem Zolllager lagern? Alles H\u00fcrden, die wir gerne f\u00fcr Sie \u00fcberspringen. Dienstleistungen im Bereich Sonderverfahren [&hellip;]","og_url":"https:\/\/www.mp-cc.com\/en\/besondere-verfahren\/","og_site_name":"m-p customs clearance","article_modified_time":"2023-03-16T14:44:14+00:00","og_image":[{"url":"https:\/\/www.mp-cc.com\/wp-content\/uploads\/2023\/01\/participant-in-obstacle-course-climbing-wall-300x182.jpg","type":"","width":"","height":""}],"twitter_misc":{"Est. reading time":"2 minutes"},"schema":{"@context":"https:\/\/schema.org","@graph":[{"@type":"WebPage","@id":"https:\/\/www.mp-cc.com\/besondere-verfahren\/","url":"https:\/\/www.mp-cc.com\/besondere-verfahren\/","name":"Besondere Verfahren - m-p customs clearance","isPartOf":{"@id":"https:\/\/www.mp-cc.com\/#website"},"primaryImageOfPage":{"@id":"https:\/\/www.mp-cc.com\/besondere-verfahren\/#primaryimage"},"image":{"@id":"https:\/\/www.mp-cc.com\/besondere-verfahren\/#primaryimage"},"thumbnailUrl":"https:\/\/www.mp-cc.com\/wp-content\/uploads\/2023\/01\/participant-in-obstacle-course-climbing-wall-300x182.jpg","datePublished":"2023-01-09T16:53:23+00:00","dateModified":"2023-03-16T14:44:14+00:00","breadcrumb":{"@id":"https:\/\/www.mp-cc.com\/besondere-verfahren\/#breadcrumb"},"inLanguage":"en-US","potentialAction":[{"@type":"ReadAction","target":["https:\/\/www.mp-cc.com\/besondere-verfahren\/"]}]},{"@type":"ImageObject","inLanguage":"en-US","@id":"https:\/\/www.mp-cc.com\/besondere-verfahren\/#primaryimage","url":"https:\/\/www.mp-cc.com\/wp-content\/uploads\/2023\/01\/participant-in-obstacle-course-climbing-wall-300x182.jpg","contentUrl":"https:\/\/www.mp-cc.com\/wp-content\/uploads\/2023\/01\/participant-in-obstacle-course-climbing-wall-300x182.jpg"},{"@type":"BreadcrumbList","@id":"https:\/\/www.mp-cc.com\/besondere-verfahren\/#breadcrumb","itemListElement":[{"@type":"ListItem","position":1,"name":"Home","item":"https:\/\/www.mp-cc.com\/"},{"@type":"ListItem","position":2,"name":"Besondere Verfahren"}]},{"@type":"WebSite","@id":"https:\/\/www.mp-cc.com\/#website","url":"https:\/\/www.mp-cc.com\/","name":"m-p customs clearance - Your customs service provider with heart and competence","description":"your customs clearance!","publisher":{"@id":"https:\/\/www.mp-cc.com\/#organization"},"potentialAction":[{"@type":"SearchAction","target":{"@type":"EntryPoint","urlTemplate":"https:\/\/www.mp-cc.com\/?s={search_term_string}"},"query-input":{"@type":"PropertyValueSpecification","valueRequired":true,"valueName":"search_term_string"}}],"inLanguage":"en-US"},{"@type":"Organization","@id":"https:\/\/www.mp-cc.com\/#organization","name":"m-p customs clearance Inc.","url":"https:\/\/www.mp-cc.com\/","logo":{"@type":"ImageObject","inLanguage":"en-US","@id":"https:\/\/www.mp-cc.com\/#\/schema\/logo\/image\/","url":"https:\/\/www.mp-cc.com\/wp-content\/uploads\/2023\/02\/cropped-mp-cc_work.jpg","contentUrl":"https:\/\/www.mp-cc.com\/wp-content\/uploads\/2023\/02\/cropped-mp-cc_work.jpg","width":1611,"height":346,"caption":"m-p customs clearance Inc."},"image":{"@id":"https:\/\/www.mp-cc.com\/#\/schema\/logo\/image\/"}}]}},"_links":{"self":[{"href":"https:\/\/www.mp-cc.com\/en\/wp-json\/wp\/v2\/pages\/822","targetHints":{"allow":["GET"]}}],"collection":[{"href":"https:\/\/www.mp-cc.com\/en\/wp-json\/wp\/v2\/pages"}],"about":[{"href":"https:\/\/www.mp-cc.com\/en\/wp-json\/wp\/v2\/types\/page"}],"author":[{"embeddable":true,"href":"https:\/\/www.mp-cc.com\/en\/wp-json\/wp\/v2\/users\/3455"}],"replies":[{"embeddable":true,"href":"https:\/\/www.mp-cc.com\/en\/wp-json\/wp\/v2\/comments?post=822"}],"version-history":[{"count":0,"href":"https:\/\/www.mp-cc.com\/en\/wp-json\/wp\/v2\/pages\/822\/revisions"}],"wp:attachment":[{"href":"https:\/\/www.mp-cc.com\/en\/wp-json\/wp\/v2\/media?parent=822"}],"curies":[{"name":"wp","href":"https:\/\/api.w.org\/{rel}","templated":true}]}}