{"id":776,"date":"2023-01-09T12:04:06","date_gmt":"2023-01-09T15:04:06","guid":{"rendered":"https:\/\/www.mp-cc.com\/?page_id=776"},"modified":"2023-04-06T17:52:03","modified_gmt":"2023-04-06T20:52:03","slug":"einfuhr-import","status":"publish","type":"page","link":"https:\/\/www.mp-cc.com\/en\/einfuhr-import\/","title":{"rendered":"Import"},"content":{"rendered":"<div data-elementor-type=\"wp-page\" data-elementor-id=\"776\" class=\"elementor elementor-776\" data-elementor-post-type=\"page\">\n\t\t\t\t\t\t<section class=\"elementor-section elementor-top-section elementor-element elementor-element-4a493ee8 elementor-section-boxed elementor-section-height-default elementor-section-height-default\" data-id=\"4a493ee8\" data-element_type=\"section\" data-settings=\"{&quot;background_background&quot;:&quot;classic&quot;}\">\n\t\t\t\t\t\t\t<div class=\"elementor-background-overlay\"><\/div>\n\t\t\t\t\t\t\t<div class=\"elementor-container elementor-column-gap-default\">\n\t\t\t\t\t<div class=\"elementor-column elementor-col-100 elementor-top-column elementor-element elementor-element-381a9e65\" data-id=\"381a9e65\" data-element_type=\"column\">\n\t\t\t<div class=\"elementor-widget-wrap elementor-element-populated\">\n\t\t\t\t\t\t<div class=\"elementor-element elementor-element-d0bec6e elementor-widget elementor-widget-heading\" data-id=\"d0bec6e\" data-element_type=\"widget\" data-widget_type=\"heading.default\">\n\t\t\t\t<div class=\"elementor-widget-container\">\n\t\t\t\t\t<h2 class=\"elementor-heading-title elementor-size-default\">Import<\/h2>\t\t\t\t<\/div>\n\t\t\t\t<\/div>\n\t\t\t\t\t<\/div>\n\t\t<\/div>\n\t\t\t\t\t<\/div>\n\t\t<\/section>\n\t\t\t\t<section class=\"elementor-section elementor-top-section elementor-element elementor-element-1934b504 elementor-reverse-tablet elementor-reverse-mobile elementor-section-boxed elementor-section-height-default elementor-section-height-default\" data-id=\"1934b504\" data-element_type=\"section\" data-settings=\"{&quot;background_background&quot;:&quot;classic&quot;}\">\n\t\t\t\t\t\t<div class=\"elementor-container elementor-column-gap-default\">\n\t\t\t\t\t<div class=\"elementor-column elementor-col-100 elementor-top-column elementor-element elementor-element-58d1429f\" data-id=\"58d1429f\" data-element_type=\"column\">\n\t\t\t<div class=\"elementor-widget-wrap elementor-element-populated\">\n\t\t\t\t\t\t<div class=\"elementor-element elementor-element-7a214bc9 elementor-widget elementor-widget-heading\" data-id=\"7a214bc9\" data-element_type=\"widget\" data-widget_type=\"heading.default\">\n\t\t\t\t<div class=\"elementor-widget-container\">\n\t\t\t\t\t<h3 class=\"elementor-heading-title elementor-size-default\">Hurdle: Import<\/h3>\t\t\t\t<\/div>\n\t\t\t\t<\/div>\n\t\t\t\t<div class=\"elementor-element elementor-element-2a9b8b24 elementor-widget elementor-widget-image\" data-id=\"2a9b8b24\" data-element_type=\"widget\" data-widget_type=\"image.default\">\n\t\t\t\t<div class=\"elementor-widget-container\">\n\t\t\t\t\t\t\t\t\t\t\t\t\t\t\t<img fetchpriority=\"high\" decoding=\"async\" width=\"300\" height=\"200\" src=\"https:\/\/www.mp-cc.com\/wp-content\/uploads\/2023\/01\/running-track-hurdle-300x200.jpg\" class=\"attachment-medium size-medium wp-image-708\" alt=\"Running track hurdle\" srcset=\"https:\/\/www.mp-cc.com\/wp-content\/uploads\/2023\/01\/running-track-hurdle-300x200.jpg 300w, https:\/\/www.mp-cc.com\/wp-content\/uploads\/2023\/01\/running-track-hurdle-1024x682.jpg 1024w, https:\/\/www.mp-cc.com\/wp-content\/uploads\/2023\/01\/running-track-hurdle-768x512.jpg 768w, https:\/\/www.mp-cc.com\/wp-content\/uploads\/2023\/01\/running-track-hurdle-1536x1024.jpg 1536w, https:\/\/www.mp-cc.com\/wp-content\/uploads\/2023\/01\/elementor\/thumbs\/running-track-hurdle-q0esfhfwe6qi8bh8rby0l73r3cfqdp6sg1mgl4lkyw.jpg 150w, https:\/\/www.mp-cc.com\/wp-content\/uploads\/2023\/01\/running-track-hurdle.jpg 2000w\" sizes=\"(max-width: 300px) 100vw, 300px\" \/>\t\t\t\t\t\t\t\t\t\t\t\t\t\t\t<\/div>\n\t\t\t\t<\/div>\n\t\t\t\t<div class=\"elementor-element elementor-element-118f1d97 elementor-widget elementor-widget-text-editor\" data-id=\"118f1d97\" data-element_type=\"widget\" data-widget_type=\"text-editor.default\">\n\t\t\t\t<div class=\"elementor-widget-container\">\n\t\t\t\t\t\t\t\t\t<p style=\"text-align: center;\" data-pm-slice=\"1 1 []\">Your goods have arrived at the border, airport or sea terminal, but the customs declaration required for clearance is missing?<\/p><p style=\"text-align: center;\">You are expecting a shipment and would like to know the amount of duties and taxes owed beforehand?<\/p><p style=\"text-align: center;\">Would you like to correct a tax notice?<\/p><p style=\"text-align: center;\">A blocking note has been issued?<\/p>\t\t\t\t\t\t\t\t<\/div>\n\t\t\t\t<\/div>\n\t\t\t\t<div class=\"elementor-element elementor-element-3b873dbc elementor-widget elementor-widget-text-editor\" data-id=\"3b873dbc\" data-element_type=\"widget\" data-widget_type=\"text-editor.default\">\n\t\t\t\t<div class=\"elementor-widget-container\">\n\t\t\t\t\t\t\t\t\t<p data-pm-slice=\"1 1 []\">All hurdles that we happily jump for you.<\/p>\t\t\t\t\t\t\t\t<\/div>\n\t\t\t\t<\/div>\n\t\t\t\t<section class=\"elementor-section elementor-inner-section elementor-element elementor-element-6a9c1e1 elementor-section-boxed elementor-section-height-default elementor-section-height-default\" data-id=\"6a9c1e1\" data-element_type=\"section\" data-settings=\"{&quot;background_background&quot;:&quot;classic&quot;}\">\n\t\t\t\t\t\t\t<div class=\"elementor-background-overlay\"><\/div>\n\t\t\t\t\t\t\t<div class=\"elementor-container elementor-column-gap-default\">\n\t\t\t\t\t<div class=\"elementor-column elementor-col-66 elementor-inner-column elementor-element elementor-element-4b3390b0\" data-id=\"4b3390b0\" data-element_type=\"column\">\n\t\t\t<div class=\"elementor-widget-wrap elementor-element-populated\">\n\t\t\t\t\t\t<div class=\"elementor-element elementor-element-3d9d835e elementor-widget elementor-widget-heading\" data-id=\"3d9d835e\" data-element_type=\"widget\" data-widget_type=\"heading.default\">\n\t\t\t\t<div class=\"elementor-widget-container\">\n\t\t\t\t\t<h4 class=\"elementor-heading-title elementor-size-default\">Services in the Import Area<\/h4>\t\t\t\t<\/div>\n\t\t\t\t<\/div>\n\t\t\t\t<div class=\"elementor-element elementor-element-39113b7c elementor-icon-list--layout-traditional elementor-list-item-link-full_width elementor-widget elementor-widget-icon-list\" data-id=\"39113b7c\" data-element_type=\"widget\" data-widget_type=\"icon-list.default\">\n\t\t\t\t<div class=\"elementor-widget-container\">\n\t\t\t\t\t\t\t<ul class=\"elementor-icon-list-items\">\n\t\t\t\t\t\t\t<li class=\"elementor-icon-list-item\">\n\t\t\t\t\t\t\t\t\t\t\t<span class=\"elementor-icon-list-icon\">\n\t\t\t\t\t\t\t<i aria-hidden=\"true\" class=\"fas fa-check\"><\/i>\t\t\t\t\t\t<\/span>\n\t\t\t\t\t\t\t\t\t\t<span class=\"elementor-icon-list-text\">Creation of electronic import declarations<\/span>\n\t\t\t\t\t\t\t\t\t<\/li>\n\t\t\t\t\t\t\t\t<li class=\"elementor-icon-list-item\">\n\t\t\t\t\t\t\t\t\t\t\t<span class=\"elementor-icon-list-icon\">\n\t\t\t\t\t\t\t<i aria-hidden=\"true\" class=\"fas fa-check\"><\/i>\t\t\t\t\t\t<\/span>\n\t\t\t\t\t\t\t\t\t\t<span class=\"elementor-icon-list-text\">Creation of Correction and Refund applications<\/span>\n\t\t\t\t\t\t\t\t\t<\/li>\n\t\t\t\t\t\t\t\t<li class=\"elementor-icon-list-item\">\n\t\t\t\t\t\t\t\t\t\t\t<span class=\"elementor-icon-list-icon\">\n\t\t\t\t\t\t\t<i aria-hidden=\"true\" class=\"fas fa-check\"><\/i>\t\t\t\t\t\t<\/span>\n\t\t\t\t\t\t\t\t\t\t<span class=\"elementor-icon-list-text\">Tariff classification for goods (if applicable including full product catalogues)<\/span>\n\t\t\t\t\t\t\t\t\t<\/li>\n\t\t\t\t\t\t\t\t<li class=\"elementor-icon-list-item\">\n\t\t\t\t\t\t\t\t\t\t\t<span class=\"elementor-icon-list-icon\">\n\t\t\t\t\t\t\t<i aria-hidden=\"true\" class=\"fas fa-check\"><\/i>\t\t\t\t\t\t<\/span>\n\t\t\t\t\t\t\t\t\t\t<span class=\"elementor-icon-list-text\">Electronic submission of documents to the Frankfurt customs authorities<\/span>\n\t\t\t\t\t\t\t\t\t<\/li>\n\t\t\t\t\t\t\t\t<li class=\"elementor-icon-list-item\">\n\t\t\t\t\t\t\t\t\t\t\t<span class=\"elementor-icon-list-icon\">\n\t\t\t\t\t\t\t<i aria-hidden=\"true\" class=\"fas fa-check\"><\/i>\t\t\t\t\t\t<\/span>\n\t\t\t\t\t\t\t\t\t\t<span class=\"elementor-icon-list-text\">Customs declaration for IMPOST-consignments<\/span>\n\t\t\t\t\t\t\t\t\t<\/li>\n\t\t\t\t\t\t<\/ul>\n\t\t\t\t\t\t<\/div>\n\t\t\t\t<\/div>\n\t\t\t\t\t<\/div>\n\t\t<\/div>\n\t\t\t\t<div class=\"elementor-column elementor-col-33 elementor-inner-column elementor-element elementor-element-7c20c3b1\" data-id=\"7c20c3b1\" data-element_type=\"column\">\n\t\t\t<div class=\"elementor-widget-wrap elementor-element-populated\">\n\t\t\t\t\t\t<div class=\"elementor-element elementor-element-2f30f8af elementor-widget elementor-widget-image\" data-id=\"2f30f8af\" data-element_type=\"widget\" data-widget_type=\"image.default\">\n\t\t\t\t<div class=\"elementor-widget-container\">\n\t\t\t\t\t\t\t\t\t\t\t\t\t\t\t<img decoding=\"async\" width=\"800\" height=\"534\" src=\"https:\/\/www.mp-cc.com\/wp-content\/uploads\/2023\/02\/calculator-1024x684.jpg\" class=\"attachment-large size-large wp-image-2240\" alt=\"calculator\" srcset=\"https:\/\/www.mp-cc.com\/wp-content\/uploads\/2023\/02\/calculator-1024x684.jpg 1024w, https:\/\/www.mp-cc.com\/wp-content\/uploads\/2023\/02\/calculator-300x200.jpg 300w, https:\/\/www.mp-cc.com\/wp-content\/uploads\/2023\/02\/calculator-768x513.jpg 768w, https:\/\/www.mp-cc.com\/wp-content\/uploads\/2023\/02\/calculator-1536x1025.jpg 1536w, https:\/\/www.mp-cc.com\/wp-content\/uploads\/2023\/02\/calculator.jpg 2000w\" sizes=\"(max-width: 800px) 100vw, 800px\" \/>\t\t\t\t\t\t\t\t\t\t\t\t\t\t\t<\/div>\n\t\t\t\t<\/div>\n\t\t\t\t\t<\/div>\n\t\t<\/div>\n\t\t\t\t\t<\/div>\n\t\t<\/section>\n\t\t\t\t\t<\/div>\n\t\t<\/div>\n\t\t\t\t\t<\/div>\n\t\t<\/section>\n\t\t\t\t<section class=\"elementor-section elementor-top-section elementor-element elementor-element-404a397 elementor-hidden-tablet elementor-hidden-mobile elementor-section-boxed elementor-section-height-default elementor-section-height-default\" data-id=\"404a397\" data-element_type=\"section\">\n\t\t\t\t\t\t<div class=\"elementor-container elementor-column-gap-default\">\n\t\t\t\t\t<div class=\"elementor-column elementor-col-33 elementor-top-column elementor-element elementor-element-9f54fc9\" data-id=\"9f54fc9\" data-element_type=\"column\">\n\t\t\t<div class=\"elementor-widget-wrap elementor-element-populated\">\n\t\t\t\t\t\t<div class=\"elementor-element elementor-element-81b2d95 elementor-hidden-mobile elementor-view-default elementor-widget elementor-widget-icon\" data-id=\"81b2d95\" data-element_type=\"widget\" data-widget_type=\"icon.default\">\n\t\t\t\t<div class=\"elementor-widget-container\">\n\t\t\t\t\t\t\t<div class=\"elementor-icon-wrapper\">\n\t\t\t<div class=\"elementor-icon\">\n\t\t\t<i aria-hidden=\"true\" class=\"fas fa-phone-alt\"><\/i>\t\t\t<\/div>\n\t\t<\/div>\n\t\t\t\t\t\t<\/div>\n\t\t\t\t<\/div>\n\t\t\t\t\t<\/div>\n\t\t<\/div>\n\t\t\t\t<div class=\"elementor-column elementor-col-66 elementor-top-column elementor-element elementor-element-18e50a7 elementor-hidden-mobile elementor-hidden-tablet\" data-id=\"18e50a7\" data-element_type=\"column\">\n\t\t\t<div class=\"elementor-widget-wrap elementor-element-populated\">\n\t\t\t\t\t\t<div class=\"elementor-element elementor-element-7643862 elementor-widget elementor-widget-text-editor\" data-id=\"7643862\" data-element_type=\"widget\" data-widget_type=\"text-editor.default\">\n\t\t\t\t<div class=\"elementor-widget-container\">\n\t\t\t\t\t\t\t\t\t<p style=\"text-align: center;\">You can reach us 24\/7 at&nbsp;<span style=\"color: var( --e-global-color-text ); font-family: var( --e-global-typography-text-font-family ), Sans-serif;\"><strong>+49 304 397 387 0<\/strong>.<\/span><\/p>\n<p style=\"text-align: center;\">Mon to Fri, from 7 am to 5 pm also at:&nbsp;<span style=\"color: var( --e-global-color-text ); font-family: var( --e-global-typography-text-font-family ), Sans-serif;\"><strong>+49 304 397 387 460<\/strong>.<\/span><\/p>\t\t\t\t\t\t\t\t<\/div>\n\t\t\t\t<\/div>\n\t\t\t\t\t<\/div>\n\t\t<\/div>\n\t\t\t\t\t<\/div>\n\t\t<\/section>\n\t\t\t\t<section class=\"elementor-section elementor-top-section elementor-element elementor-element-9d5baf3 elementor-hidden-desktop elementor-section-boxed elementor-section-height-default elementor-section-height-default\" data-id=\"9d5baf3\" data-element_type=\"section\">\n\t\t\t\t\t\t<div class=\"elementor-container elementor-column-gap-default\">\n\t\t\t\t\t<div class=\"elementor-column elementor-col-100 elementor-top-column elementor-element elementor-element-47d2d0a elementor-hidden-desktop\" data-id=\"47d2d0a\" data-element_type=\"column\">\n\t\t\t<div class=\"elementor-widget-wrap elementor-element-populated\">\n\t\t\t\t\t\t<div class=\"elementor-element elementor-element-0f5e2fa elementor-widget elementor-widget-text-editor\" data-id=\"0f5e2fa\" data-element_type=\"widget\" data-widget_type=\"text-editor.default\">\n\t\t\t\t<div class=\"elementor-widget-container\">\n\t\t\t\t\t\t\t\t\t<p style=\"text-align: center;\">You can reach us 24\/7 at<\/p><p style=\"text-align: center;\"><strong>+49 304 397 387 0<\/strong>.<\/p><p style=\"text-align: center;\">Mon to Fri, from 7 am to 5 pm also at:<\/p><p style=\"text-align: center;\"><strong>+49 304 397 387 460<\/strong>.<\/p>\t\t\t\t\t\t\t\t<\/div>\n\t\t\t\t<\/div>\n\t\t\t\t\t<\/div>\n\t\t<\/div>\n\t\t\t\t\t<\/div>\n\t\t<\/section>\n\t\t\t\t<\/div>","protected":false},"excerpt":{"rendered":"<p>Einfuhr\/Import H\u00fcrde Einfuhr Ihre Ware ist an der Grenze, am Flug- oder Seehafen angekommen und nun fehlt die befreiende Zollanmeldung? Sie erwarten eine Sendung und m\u00f6chten im Vorfeld wissen, wie hoch die Abgaben sind? Sie m\u00f6chten einen Steuerbescheid korrigieren? Es liegt ein Sperrvermerk vor? Alles H\u00fcrden, die wir gerne f\u00fcr Sie \u00fcberspringen. Dienstleistungen im Bereich [&hellip;]<\/p>","protected":false},"author":3455,"featured_media":0,"parent":0,"menu_order":0,"comment_status":"closed","ping_status":"closed","template":"","meta":{"footnotes":""},"class_list":["post-776","page","type-page","status-publish","hentry"],"yoast_head":"<!-- This site is optimized with the Yoast SEO plugin v26.4 - https:\/\/yoast.com\/wordpress\/plugins\/seo\/ -->\n<title>Einfuhr\/Import - m-p customs clearance<\/title>\n<meta name=\"robots\" content=\"index, follow, max-snippet:-1, max-image-preview:large, max-video-preview:-1\" \/>\n<link rel=\"canonical\" href=\"https:\/\/www.mp-cc.com\/en\/einfuhr-import\/\" \/>\n<meta property=\"og:locale\" content=\"en_US\" \/>\n<meta property=\"og:type\" content=\"article\" \/>\n<meta property=\"og:title\" content=\"Einfuhr\/Import - m-p customs clearance\" \/>\n<meta property=\"og:description\" content=\"Einfuhr\/Import H\u00fcrde Einfuhr Ihre Ware ist an der Grenze, am Flug- oder Seehafen angekommen und nun fehlt die befreiende Zollanmeldung? Sie erwarten eine Sendung und m\u00f6chten im Vorfeld wissen, wie hoch die Abgaben sind? Sie m\u00f6chten einen Steuerbescheid korrigieren? Es liegt ein Sperrvermerk vor? Alles H\u00fcrden, die wir gerne f\u00fcr Sie \u00fcberspringen. Dienstleistungen im Bereich [&hellip;]\" \/>\n<meta property=\"og:url\" content=\"https:\/\/www.mp-cc.com\/en\/einfuhr-import\/\" \/>\n<meta property=\"og:site_name\" content=\"m-p customs clearance\" \/>\n<meta property=\"article:modified_time\" content=\"2023-04-06T20:52:03+00:00\" \/>\n<meta property=\"og:image\" content=\"https:\/\/www.mp-cc.com\/wp-content\/uploads\/2023\/01\/running-track-hurdle-300x200.jpg\" \/>\n<meta name=\"twitter:label1\" content=\"Est. reading time\" \/>\n\t<meta name=\"twitter:data1\" content=\"2 minutes\" \/>\n<script type=\"application\/ld+json\" class=\"yoast-schema-graph\">{\"@context\":\"https:\/\/schema.org\",\"@graph\":[{\"@type\":\"WebPage\",\"@id\":\"https:\/\/www.mp-cc.com\/einfuhr-import\/\",\"url\":\"https:\/\/www.mp-cc.com\/einfuhr-import\/\",\"name\":\"Einfuhr\/Import - m-p customs clearance\",\"isPartOf\":{\"@id\":\"https:\/\/www.mp-cc.com\/#website\"},\"primaryImageOfPage\":{\"@id\":\"https:\/\/www.mp-cc.com\/einfuhr-import\/#primaryimage\"},\"image\":{\"@id\":\"https:\/\/www.mp-cc.com\/einfuhr-import\/#primaryimage\"},\"thumbnailUrl\":\"https:\/\/www.mp-cc.com\/wp-content\/uploads\/2023\/01\/running-track-hurdle-300x200.jpg\",\"datePublished\":\"2023-01-09T15:04:06+00:00\",\"dateModified\":\"2023-04-06T20:52:03+00:00\",\"breadcrumb\":{\"@id\":\"https:\/\/www.mp-cc.com\/einfuhr-import\/#breadcrumb\"},\"inLanguage\":\"en-US\",\"potentialAction\":[{\"@type\":\"ReadAction\",\"target\":[\"https:\/\/www.mp-cc.com\/einfuhr-import\/\"]}]},{\"@type\":\"ImageObject\",\"inLanguage\":\"en-US\",\"@id\":\"https:\/\/www.mp-cc.com\/einfuhr-import\/#primaryimage\",\"url\":\"https:\/\/www.mp-cc.com\/wp-content\/uploads\/2023\/01\/running-track-hurdle-300x200.jpg\",\"contentUrl\":\"https:\/\/www.mp-cc.com\/wp-content\/uploads\/2023\/01\/running-track-hurdle-300x200.jpg\"},{\"@type\":\"BreadcrumbList\",\"@id\":\"https:\/\/www.mp-cc.com\/einfuhr-import\/#breadcrumb\",\"itemListElement\":[{\"@type\":\"ListItem\",\"position\":1,\"name\":\"Home\",\"item\":\"https:\/\/www.mp-cc.com\/\"},{\"@type\":\"ListItem\",\"position\":2,\"name\":\"Einfuhr\/Import\"}]},{\"@type\":\"WebSite\",\"@id\":\"https:\/\/www.mp-cc.com\/#website\",\"url\":\"https:\/\/www.mp-cc.com\/\",\"name\":\"m-p customs clearance - Your customs service provider with heart and competence\",\"description\":\"your customs clearance!\",\"publisher\":{\"@id\":\"https:\/\/www.mp-cc.com\/#organization\"},\"potentialAction\":[{\"@type\":\"SearchAction\",\"target\":{\"@type\":\"EntryPoint\",\"urlTemplate\":\"https:\/\/www.mp-cc.com\/?s={search_term_string}\"},\"query-input\":{\"@type\":\"PropertyValueSpecification\",\"valueRequired\":true,\"valueName\":\"search_term_string\"}}],\"inLanguage\":\"en-US\"},{\"@type\":\"Organization\",\"@id\":\"https:\/\/www.mp-cc.com\/#organization\",\"name\":\"m-p customs clearance Inc.\",\"url\":\"https:\/\/www.mp-cc.com\/\",\"logo\":{\"@type\":\"ImageObject\",\"inLanguage\":\"en-US\",\"@id\":\"https:\/\/www.mp-cc.com\/#\/schema\/logo\/image\/\",\"url\":\"https:\/\/www.mp-cc.com\/wp-content\/uploads\/2023\/02\/cropped-mp-cc_work.jpg\",\"contentUrl\":\"https:\/\/www.mp-cc.com\/wp-content\/uploads\/2023\/02\/cropped-mp-cc_work.jpg\",\"width\":1611,\"height\":346,\"caption\":\"m-p customs clearance Inc.\"},\"image\":{\"@id\":\"https:\/\/www.mp-cc.com\/#\/schema\/logo\/image\/\"}}]}<\/script>\n<!-- \/ Yoast SEO plugin. -->","yoast_head_json":{"title":"Einfuhr\/Import - m-p customs clearance","robots":{"index":"index","follow":"follow","max-snippet":"max-snippet:-1","max-image-preview":"max-image-preview:large","max-video-preview":"max-video-preview:-1"},"canonical":"https:\/\/www.mp-cc.com\/en\/einfuhr-import\/","og_locale":"en_US","og_type":"article","og_title":"Einfuhr\/Import - m-p customs clearance","og_description":"Einfuhr\/Import H\u00fcrde Einfuhr Ihre Ware ist an der Grenze, am Flug- oder Seehafen angekommen und nun fehlt die befreiende Zollanmeldung? Sie erwarten eine Sendung und m\u00f6chten im Vorfeld wissen, wie hoch die Abgaben sind? Sie m\u00f6chten einen Steuerbescheid korrigieren? Es liegt ein Sperrvermerk vor? Alles H\u00fcrden, die wir gerne f\u00fcr Sie \u00fcberspringen. Dienstleistungen im Bereich [&hellip;]","og_url":"https:\/\/www.mp-cc.com\/en\/einfuhr-import\/","og_site_name":"m-p customs clearance","article_modified_time":"2023-04-06T20:52:03+00:00","og_image":[{"url":"https:\/\/www.mp-cc.com\/wp-content\/uploads\/2023\/01\/running-track-hurdle-300x200.jpg","type":"","width":"","height":""}],"twitter_misc":{"Est. reading time":"2 minutes"},"schema":{"@context":"https:\/\/schema.org","@graph":[{"@type":"WebPage","@id":"https:\/\/www.mp-cc.com\/einfuhr-import\/","url":"https:\/\/www.mp-cc.com\/einfuhr-import\/","name":"Einfuhr\/Import - m-p customs clearance","isPartOf":{"@id":"https:\/\/www.mp-cc.com\/#website"},"primaryImageOfPage":{"@id":"https:\/\/www.mp-cc.com\/einfuhr-import\/#primaryimage"},"image":{"@id":"https:\/\/www.mp-cc.com\/einfuhr-import\/#primaryimage"},"thumbnailUrl":"https:\/\/www.mp-cc.com\/wp-content\/uploads\/2023\/01\/running-track-hurdle-300x200.jpg","datePublished":"2023-01-09T15:04:06+00:00","dateModified":"2023-04-06T20:52:03+00:00","breadcrumb":{"@id":"https:\/\/www.mp-cc.com\/einfuhr-import\/#breadcrumb"},"inLanguage":"en-US","potentialAction":[{"@type":"ReadAction","target":["https:\/\/www.mp-cc.com\/einfuhr-import\/"]}]},{"@type":"ImageObject","inLanguage":"en-US","@id":"https:\/\/www.mp-cc.com\/einfuhr-import\/#primaryimage","url":"https:\/\/www.mp-cc.com\/wp-content\/uploads\/2023\/01\/running-track-hurdle-300x200.jpg","contentUrl":"https:\/\/www.mp-cc.com\/wp-content\/uploads\/2023\/01\/running-track-hurdle-300x200.jpg"},{"@type":"BreadcrumbList","@id":"https:\/\/www.mp-cc.com\/einfuhr-import\/#breadcrumb","itemListElement":[{"@type":"ListItem","position":1,"name":"Home","item":"https:\/\/www.mp-cc.com\/"},{"@type":"ListItem","position":2,"name":"Einfuhr\/Import"}]},{"@type":"WebSite","@id":"https:\/\/www.mp-cc.com\/#website","url":"https:\/\/www.mp-cc.com\/","name":"m-p customs clearance - Your customs service provider with heart and competence","description":"your customs clearance!","publisher":{"@id":"https:\/\/www.mp-cc.com\/#organization"},"potentialAction":[{"@type":"SearchAction","target":{"@type":"EntryPoint","urlTemplate":"https:\/\/www.mp-cc.com\/?s={search_term_string}"},"query-input":{"@type":"PropertyValueSpecification","valueRequired":true,"valueName":"search_term_string"}}],"inLanguage":"en-US"},{"@type":"Organization","@id":"https:\/\/www.mp-cc.com\/#organization","name":"m-p customs clearance Inc.","url":"https:\/\/www.mp-cc.com\/","logo":{"@type":"ImageObject","inLanguage":"en-US","@id":"https:\/\/www.mp-cc.com\/#\/schema\/logo\/image\/","url":"https:\/\/www.mp-cc.com\/wp-content\/uploads\/2023\/02\/cropped-mp-cc_work.jpg","contentUrl":"https:\/\/www.mp-cc.com\/wp-content\/uploads\/2023\/02\/cropped-mp-cc_work.jpg","width":1611,"height":346,"caption":"m-p customs clearance Inc."},"image":{"@id":"https:\/\/www.mp-cc.com\/#\/schema\/logo\/image\/"}}]}},"_links":{"self":[{"href":"https:\/\/www.mp-cc.com\/en\/wp-json\/wp\/v2\/pages\/776","targetHints":{"allow":["GET"]}}],"collection":[{"href":"https:\/\/www.mp-cc.com\/en\/wp-json\/wp\/v2\/pages"}],"about":[{"href":"https:\/\/www.mp-cc.com\/en\/wp-json\/wp\/v2\/types\/page"}],"author":[{"embeddable":true,"href":"https:\/\/www.mp-cc.com\/en\/wp-json\/wp\/v2\/users\/3455"}],"replies":[{"embeddable":true,"href":"https:\/\/www.mp-cc.com\/en\/wp-json\/wp\/v2\/comments?post=776"}],"version-history":[{"count":0,"href":"https:\/\/www.mp-cc.com\/en\/wp-json\/wp\/v2\/pages\/776\/revisions"}],"wp:attachment":[{"href":"https:\/\/www.mp-cc.com\/en\/wp-json\/wp\/v2\/media?parent=776"}],"curies":[{"name":"wp","href":"https:\/\/api.w.org\/{rel}","templated":true}]}}